{"id":782,"date":"2018-03-22T13:51:48","date_gmt":"2018-03-22T13:51:48","guid":{"rendered":"https:\/\/arpac.org\/contact-us\/"},"modified":"2022-04-29T14:41:10","modified_gmt":"2022-04-29T18:41:10","slug":"contact-us","status":"publish","type":"page","link":"https:\/\/arpac.org\/en\/the-association\/contact-us\/","title":{"rendered":"Contact Us"},"content":{"rendered":"<p><div class=\"fusion-fullwidth fullwidth-box nonhundred-percent-fullwidth non-hundred-percent-height-scrolling fusion-equal-height-columns\"  style='background-color: #eeeeee;background-position: center center;background-repeat: no-repeat;padding-top:50px;padding-right:0px;padding-bottom:50px;padding-left:0px;'><div class=\"fusion-builder-row fusion-row \"><div  class=\"fusion-layout-column fusion_builder_column fusion_builder_column_1_3 fusion-builder-column-1 fusion-one-third fusion-column-first 1_3\"  style='margin-top:0px;margin-bottom:20px;width:33.33%;width:calc(33.33% - ( ( 4% ) * 0.3333 ) );margin-right: 4%;'>\n\t\t\t\t\t<div class=\"fusion-column-wrapper\" style=\"padding: 0px 0px 0px 0px;background-position:left top;background-repeat:no-repeat;-webkit-background-size:cover;-moz-background-size:cover;-o-background-size:cover;background-size:cover;\"   data-bg-url=\"\">\n\t\t\t\t\t\t<div class=\"fusion-title title fusion-title-1 fusion-sep-none fusion-title-size-one\" style=\"margin-top:0px;margin-bottom:15px;\"><h1 class=\"title-heading-left\" style=\"margin:0;\">Contact Us<\/h1><\/div><div class=\"fusion-title title fusion-title-2 fusion-sep-none fusion-title-size-two\" style=\"margin-top:0px;margin-bottom:15px;\"><h2 class=\"title-heading-left\" style=\"margin:0;\">Head Office<\/h2><\/div><div class=\"fusion-text\"><p>37, rue de la Gare, bureau 101<br \/>\nSt-J\u00e9r\u00f4me (Qu\u00e9bec) J7Z 2B7<\/p>\n<p><b>Phone: 450 504-8315<br \/>\nToll free: 1 855 504-8315<\/b><br \/>\nFax: 450 504-8313<br \/>\nEmail:\u00a0<a href=\"mailto:info@arpac.org\">info@arpac.org<\/a><\/p>\n<\/div><div class=\"fusion-text\"><p><span style=\"color: #ff0000;\">Please note that during the COVID-19 pandemic, and until further notice, our services will be available by phone and email only.<\/span><\/p>\n<p><span style=\"color: #ff0000;\">Thank you for understanding.<\/span><\/p>\n<p><span style=\"color: #ff0000;\">Management<\/span><\/p>\n<\/div><div class=\"fusion-clearfix\"><\/div>\n\n\t\t\t\t\t<\/div>\n\t\t\t\t<\/div><div  data-animationType=fadeInDown data-animationDuration=0.3 data-animationOffset=100% class=\"fusion-layout-column fusion_builder_column fusion_builder_column_2_3 fusion-builder-column-2 fusion-two-third fusion-column-last fusion-animated 2_3\"  style='margin-top:0px;margin-bottom:20px;width:66.66%;width:calc(66.66% - ( ( 4% ) * 0.6666 ) );'>\n\t\t\t\t\t<div class=\"fusion-column-wrapper\" style=\"border:2px solid #cccccc;padding: 0px 0px 0px 0px;background-position:left top;background-repeat:no-repeat;-webkit-background-size:cover;-moz-background-size:cover;-o-background-size:cover;background-size:cover;\"   data-bg-url=\"\">\n\t\t\t\t\t\t<iframe loading=\"lazy\" style=\"border: 0;\" src=\"https:\/\/www.google.com\/maps\/embed?pb=!1m18!1m12!1m3!1d2782.7594782987153!2d-74.0050154842254!3d45.776010320603596!2m3!1f0!2f0!3f0!3m2!1i1024!2i768!4f13.1!3m3!1m2!1s0x4ccf2ca6cb9d91c5:0x1fdf991ec4af9a97!2sArpac Inc!5e0!3m2!1sen!2sca!4v1570643367555!5m2!1sen!2sca\" width=\"100%\" height=\"450\" frameborder=\"0\" allowfullscreen=\"allowfullscreen\"><\/iframe><div class=\"fusion-clearfix\"><\/div>\n\n\t\t\t\t\t<\/div>\n\t\t\t\t<\/div><\/div><\/div><div class=\"fusion-fullwidth fullwidth-box nonhundred-percent-fullwidth non-hundred-percent-height-scrolling\"  style='background-color: rgba(255,255,255,0);background-position: center center;background-repeat: no-repeat;padding-top:50px;padding-right:0px;padding-bottom:50px;padding-left:0px;'><div class=\"fusion-builder-row fusion-row \"><div  data-animationType=slideInLeft data-animationDuration=0.3 data-animationOffset=100% class=\"fusion-layout-column fusion_builder_column fusion_builder_column_1_5 fusion-builder-column-3 fusion-one-fifth fusion-column-first fusion-animated 1_5\"  style='margin-top:0px;margin-bottom:20px;width:20%;width:calc(20% - ( ( 4% ) * 0.2 ) );margin-right: 4%;'>\n\t\t\t\t\t<div class=\"fusion-column-wrapper\" style=\"padding: 0px 0px 0px 0px;background-position:left top;background-repeat:no-repeat;-webkit-background-size:cover;-moz-background-size:cover;-o-background-size:cover;background-size:cover;\"   data-bg-url=\"\">\n\t\t\t\t\t\t<div class=\"fusion-person person fusion-person-center fusion-person-1 fusion-person-icon-bottom\"><div class=\"person-shortcode-image-wrapper\"><div class=\"person-image-container hover-type-zoomin dropshadow person-rounded-overflow\" style=\"-webkit-border-radius:0px;-moz-border-radius:0px;border-radius:0px;border:0px solid #f6f6f6;-webkit-box-shadow: 3px 3px 7px rgba(0,0,0,0.3);box-shadow: 3px 3px 7px rgba(0,0,0,0.3);-webkit-border-radius:0px;-moz-border-radius:0px;border-radius:0px;\"><img loading=\"lazy\" decoding=\"async\" class=\"lazyload person-img img-responsive wp-image-4399\" width=\"200\" height=\"300\" src=\"data:image\/svg+xml,%3Csvg%20xmlns%3D%27http%3A%2F%2Fwww.w3.org%2F2000%2Fsvg%27%20width%3D%27200%27%20height%3D%27300%27%20viewBox%3D%270%200%20200%20300%27%3E%3Crect%20width%3D%27200%27%20height%3D%273300%27%20fill-opacity%3D%220%22%2F%3E%3C%2Fsvg%3E\" data-src=\"https:\/\/arpac.org\/wp-content\/uploads\/2022\/04\/photo_veroniquesauve.jpg\" alt=\"V\u00e9ronique Sauv\u00e9\" \/><\/div><\/div><div class=\"person-desc\"><div class=\"person-author\"><div class=\"person-author-wrapper\"><span class=\"person-name\">V\u00e9ronique Sauv\u00e9<\/span><span class=\"person-title\">Executive Assistant<\/span><\/div><\/div><div class=\"person-content fusion-clearfix\">Extension 211<\/div><\/div><\/div><div class=\"fusion-clearfix\"><\/div>\n\n\t\t\t\t\t<\/div>\n\t\t\t\t<\/div><div  data-animationType=slideInLeft data-animationDuration=0.3 data-animationOffset=100% class=\"fusion-layout-column fusion_builder_column fusion_builder_column_1_5 fusion-builder-column-4 fusion-one-fifth fusion-column-last fusion-animated 1_5\"  style='margin-top:0px;margin-bottom:20px;width:20%;width:calc(20% - ( ( 4% ) * 0.2 ) );'>\n\t\t\t\t\t<div class=\"fusion-column-wrapper\" style=\"padding: 0px 0px 0px 0px;background-position:left top;background-repeat:no-repeat;-webkit-background-size:cover;-moz-background-size:cover;-o-background-size:cover;background-size:cover;\"   data-bg-url=\"\">\n\t\t\t\t\t\t<div class=\"fusion-person person fusion-person-center fusion-person-2 fusion-person-icon-bottom\"><div class=\"person-shortcode-image-wrapper\"><div class=\"person-image-container hover-type-none dropshadow person-rounded-overflow\" style=\"-webkit-border-radius:0px;-moz-border-radius:0px;border-radius:0px;border:0px solid #f6f6f6;-webkit-box-shadow: 3px 3px 7px rgba(0,0,0,0.3);box-shadow: 3px 3px 7px rgba(0,0,0,0.3);-webkit-border-radius:0px;-moz-border-radius:0px;border-radius:0px;\"><img loading=\"lazy\" decoding=\"async\" class=\"lazyload person-img img-responsive wp-image-2890\" width=\"200\" height=\"300\" src=\"data:image\/svg+xml,%3Csvg%20xmlns%3D%27http%3A%2F%2Fwww.w3.org%2F2000%2Fsvg%27%20width%3D%27200%27%20height%3D%27300%27%20viewBox%3D%270%200%20200%20300%27%3E%3Crect%20width%3D%27200%27%20height%3D%273300%27%20fill-opacity%3D%220%22%2F%3E%3C%2Fsvg%3E\" data-src=\"https:\/\/arpac.org\/wp-content\/uploads\/2018\/03\/CA-individuelle-2017-0897-Simon-Matte.jpg\" alt=\"Simon Matte\" \/><\/div><\/div><div class=\"person-desc\"><div class=\"person-author\"><div class=\"person-author-wrapper\"><span class=\"person-name\">Simon Matte<\/span><span class=\"person-title\">Chief Executive Officer<\/span><\/div><\/div><div class=\"person-content fusion-clearfix\"><\/div><\/div><\/div><div class=\"fusion-clearfix\"><\/div>\n\n\t\t\t\t\t<\/div>\n\t\t\t\t<\/div><\/div><\/div><div class=\"fusion-fullwidth fullwidth-box nonhundred-percent-fullwidth non-hundred-percent-height-scrolling\"  style='background-color: #eeeeee;background-position: center center;background-repeat: no-repeat;padding-top:50px;padding-right:0px;padding-bottom:50px;padding-left:0px;'><div class=\"fusion-builder-row fusion-row \"><div  class=\"fusion-layout-column fusion_builder_column fusion_builder_column_1_2 fusion-builder-column-5 fusion-one-half fusion-column-first 1_2\"  style='margin-top:0px;margin-bottom:20px;width:50%;width:calc(50% - ( ( 4% ) * 0.5 ) );margin-right: 4%;'>\n\t\t\t\t\t<div class=\"fusion-column-wrapper\" style=\"padding: 0px 0px 0px 0px;background-position:left top;background-repeat:no-repeat;-webkit-background-size:cover;-moz-background-size:cover;-o-background-size:cover;background-size:cover;\"   data-bg-url=\"\">\n\t\t\t\t\t\t<div class=\"fusion-title title fusion-title-3 fusion-sep-none fusion-title-size-three\" style=\"margin-top:0px;margin-bottom:15px;\"><h3 class=\"title-heading-left\" style=\"margin:0;\">Complaints<\/h3><\/div><div class=\"fusion-text\"><p>Do you have any complaint? We listen to you.\u00a0 Complete the attached form and send it to our Association at the address provided.<\/p>\n<\/div><div class=\"fusion-button-wrapper\"><style type=\"text\/css\" scoped=\"scoped\">.fusion-button.button-1 .fusion-button-text, .fusion-button.button-1 i {color:#ffffff;}.fusion-button.button-1 {border-width:0px;border-color:#ffffff;}.fusion-button.button-1 .fusion-button-icon-divider{border-color:#ffffff;}.fusion-button.button-1:hover .fusion-button-text, .fusion-button.button-1:hover i,.fusion-button.button-1:focus .fusion-button-text, .fusion-button.button-1:focus i,.fusion-button.button-1:active .fusion-button-text, .fusion-button.button-1:active{color:#ffffff;}.fusion-button.button-1:hover, .fusion-button.button-1:focus, .fusion-button.button-1:active{border-width:0px;border-color:#ffffff;}.fusion-button.button-1:hover .fusion-button-icon-divider, .fusion-button.button-1:hover .fusion-button-icon-divider, .fusion-button.button-1:active .fusion-button-icon-divider{border-color:#ffffff;}.fusion-button.button-1{width:auto;}<\/style><a class=\"fusion-button button-flat fusion-button-round button-large button-default button-1\" target=\"_self\" title=\"Download the PDF form\" href=\"https:\/\/arpac.org\/wp-content\/uploads\/2018\/03\/Formulaire-de-plainte-FR.pdf\"><i class=\" fa fa-file-pdf-o button-icon-left\"><\/i><span class=\"fusion-button-text\">Complain form &#8211; PDF<\/span><\/a><\/div><div class=\"fusion-button-wrapper\"><style type=\"text\/css\" scoped=\"scoped\">.fusion-button.button-2 .fusion-button-text, .fusion-button.button-2 i {color:#ffffff;}.fusion-button.button-2 {border-width:0px;border-color:#ffffff;}.fusion-button.button-2 .fusion-button-icon-divider{border-color:#ffffff;}.fusion-button.button-2:hover .fusion-button-text, .fusion-button.button-2:hover i,.fusion-button.button-2:focus .fusion-button-text, .fusion-button.button-2:focus i,.fusion-button.button-2:active .fusion-button-text, .fusion-button.button-2:active{color:#ffffff;}.fusion-button.button-2:hover, .fusion-button.button-2:focus, .fusion-button.button-2:active{border-width:0px;border-color:#ffffff;}.fusion-button.button-2:hover .fusion-button-icon-divider, .fusion-button.button-2:hover .fusion-button-icon-divider, .fusion-button.button-2:active .fusion-button-icon-divider{border-color:#ffffff;}.fusion-button.button-2{width:auto;}<\/style><a class=\"fusion-button button-flat fusion-button-round button-large button-default button-2\" target=\"_self\" title=\"Download the DOC form\" href=\"https:\/\/arpac.org\/wp-content\/uploads\/2018\/03\/Formulaire-de-plainte-FR.doc\"><i class=\" fa fa-download button-icon-left\"><\/i><span class=\"fusion-button-text\">Complaint form &#8211; DOC<\/span><\/a><\/div><div class=\"fusion-clearfix\"><\/div>\n\n\t\t\t\t\t<\/div>\n\t\t\t\t<\/div><div  class=\"fusion-layout-column fusion_builder_column fusion_builder_column_1_2 fusion-builder-column-6 fusion-one-half fusion-column-last 1_2\"  style='margin-top:0px;margin-bottom:20px;width:50%;width:calc(50% - ( ( 4% ) * 0.5 ) );'>\n\t\t\t\t\t<div class=\"fusion-column-wrapper\" style=\"padding: 0px 0px 0px 0px;background-position:left top;background-repeat:no-repeat;-webkit-background-size:cover;-moz-background-size:cover;-o-background-size:cover;background-size:cover;\"   data-bg-url=\"\">\n\t\t\t\t\t\t<div class=\"fusion-title title fusion-title-4 fusion-sep-none fusion-title-size-three\" style=\"margin-top:0px;margin-bottom:15px;\"><h3 class=\"title-heading-left\" style=\"margin:0;\">Legal Counsel<\/h3><\/div><div class=\"fusion-text\"><div>BCF, Avocats d&#8217;affaires<br \/>\n1100, boul. Ren\u00e9-L\u00e9vesque Ouest, 25e \u00e9tage<br \/>\nMontr\u00e9al (Qu\u00e9bec) H3B 5C9<\/div>\n<div><\/div>\n<div>(514) 397-8500<br \/>\nT\u00e9l\u00e9c. (514) 397-8515<\/div>\n<\/div><div class=\"fusion-clearfix\"><\/div>\n\n\t\t\t\t\t<\/div>\n\t\t\t\t<\/div><\/div><\/div><\/p>\n","protected":false},"excerpt":{"rendered":"","protected":false},"author":2,"featured_media":0,"parent":929,"menu_order":39,"comment_status":"closed","ping_status":"closed","template":"100-width.php","meta":{"xn-wppe-expiration":[],"xn-wppe-expiration-action":[],"xn-wppe-expiration-prefix":[],"footnotes":""},"class_list":["post-782","page","type-page","status-publish","hentry"],"_links":{"self":[{"href":"https:\/\/arpac.org\/en\/wp-json\/wp\/v2\/pages\/782","targetHints":{"allow":["GET"]}}],"collection":[{"href":"https:\/\/arpac.org\/en\/wp-json\/wp\/v2\/pages"}],"about":[{"href":"https:\/\/arpac.org\/en\/wp-json\/wp\/v2\/types\/page"}],"author":[{"embeddable":true,"href":"https:\/\/arpac.org\/en\/wp-json\/wp\/v2\/users\/2"}],"replies":[{"embeddable":true,"href":"https:\/\/arpac.org\/en\/wp-json\/wp\/v2\/comments?post=782"}],"version-history":[{"count":27,"href":"https:\/\/arpac.org\/en\/wp-json\/wp\/v2\/pages\/782\/revisions"}],"predecessor-version":[{"id":4402,"href":"https:\/\/arpac.org\/en\/wp-json\/wp\/v2\/pages\/782\/revisions\/4402"}],"up":[{"embeddable":true,"href":"https:\/\/arpac.org\/en\/wp-json\/wp\/v2\/pages\/929"}],"wp:attachment":[{"href":"https:\/\/arpac.org\/en\/wp-json\/wp\/v2\/media?parent=782"}],"curies":[{"name":"wp","href":"https:\/\/api.w.org\/{rel}","templated":true}]}}